{"id":2656,"date":"2022-03-16T11:33:14","date_gmt":"2022-03-16T11:33:14","guid":{"rendered":"https:\/\/kekceva-domacija.si\/?page_id=2656"},"modified":"2022-03-16T11:57:58","modified_gmt":"2022-03-16T11:57:58","slug":"piskotki","status":"publish","type":"page","link":"https:\/\/kekceva-domacija.si\/en\/piskotki\/","title":{"rendered":"Pi\u0161kotki in pravilnik o zasebnosti"},"content":{"rendered":"<h3 class=\"wp-block-heading\">Pravila o rabi spletnih pi\u0161kotkov<\/h3>\n\n\n\n<p>Ve\u010dina spletnih strani, ki jih obiskujemo dandanes, na tak ali druga\u010den na\u010din uporablja pi\u0161kotke za izbolj\u0161anje uporabni\u0161ke izku\u0161nje. \u010ceprav je raba pi\u0161kotkov obi\u010dajno ne\u0161kodljiva, jo lahko nekateri ljudje vzamejo kot vsiljivo in zato \u017eelijo blokirati nekatere ali vse pi\u0161kotke ali celo izbrisati pi\u0161kotke, ki so \u017ee bili poslani.<\/p>\n\n\n\n<p><strong>Upo\u0161tevajte, da se z uporabo te spletne strani strinjate z&nbsp;na\u0161o rabo pi\u0161kotkov, kot je opisano v teh pravilih.<\/strong><\/p>\n\n\n\n<h3 class=\"wp-block-heading\">1. Kaj je pi\u0161kotek?<\/h3>\n\n\n\n<p>Pi\u0161kotki so datoteke, ki jih spletna mesta ustvarijo med obiskom. V njih so shranjene nastavitve za spletno mesto, podatki o profilu in drugi podatki. Obstajata dve vrsti pi\u0161kotkov:&nbsp;<em>Pi\u0161kotki domene<\/em>&nbsp;so nastavljeni z domeno spletnega mesta v naslovni vrstici.&nbsp;<em>Pi\u0161kotki drugih mest<\/em>&nbsp;so iz drugih virov domene, ki imajo na strani vdelane razli\u010dne elemente, na primer oglase ali slike.<\/p>\n\n\n\n<h3 class=\"wp-block-heading\">2. Nastavitev in shranjevanje pi\u0161kotkov&nbsp;<\/h3>\n\n\n\n<p>Pi\u0161kotke lahko&nbsp;<strong>dolo\u010di<\/strong>&nbsp;spletna stran, ki jo obiskuje\u0161&nbsp;<strong>(\u201clastni pi\u0161kotki\u201d)<\/strong>, ali tretja spletna stran, ki vodi vsebino na spletni strani, ki si jo ogledujete&nbsp;<strong>(\u201cpi\u0161kotki od drugod\u201d)<\/strong>.&nbsp;<br>Pi\u0161kotki so lahko shranjeni razli\u010dno dolgo, le za trajanje seje brskanja ali pa veliko<br>dlje.<\/p>\n\n\n\n<ul class=\"wp-block-list\"><li><strong>Za\u010dasni ali sejni pi\u0161kotek&nbsp;<\/strong>(session cookies<strong>):&nbsp;<\/strong>Pi\u0161kotek, ki nam omogo\u010da povezavo va\u0161ih dejanj tekom seje v brskalniku. Seja v brskalniku se za\u010dne, ko odprete okno brskalnika, in se kon\u010da, ko ga zaprete. Sejni pi\u0161kotki so ustvarjeni za\u010dasno in so izbrisani, ko se zapre okno va\u0161ega brskalnika.<\/li><li><strong>Trajni ali shranjeni pi\u0161kotek&nbsp;<\/strong>(persistent cookies)<strong>:<\/strong>&nbsp;Pi\u0161kotek, ki ostane na va\u0161i napravi. \u010cas, ki je dolo\u010den v pi\u0161kotku, in se aktivira vsaki\u010d, ko obi\u0161\u010dete spletno stran, ki je ustvarila ta dolo\u010den pi\u0161kotek.<\/li><\/ul>\n\n\n\n<h3 class=\"wp-block-heading\">3. Razli\u010dne vrste pi\u0161kotkov<\/h3>\n\n\n\n<p><strong>Obstajajo \u0161tiri glavne vrste pi\u0161kotkov:<\/strong><\/p>\n\n\n\n<ul class=\"wp-block-list\"><li><strong>Nujno potrebni pi\u0161kotki:&nbsp;<\/strong>Ti pi\u0161kotki so klju\u010dnega pomena, saj omogo\u010dajo premikanje po spletni strani in uporabo funkcij spletne strani ali za nudenje storitev, ki ste jih zahtevali.&nbsp;<em>Npr., da se shranijo izdelki, ki ste jih dodali v spletno ko\u0161arico.<\/em>&nbsp;Za uporabo teh pi\u0161kotkov ne potrebujemo va\u0161ega dovoljenja.<\/li><li><strong>Funkcionalni pi\u0161kotki:&nbsp;<\/strong>Ti pi\u0161kotki omogo\u010dajo, da si spletna stran zapomni va\u0161e izbire (kot so va\u0161e uporabni\u0161ko ime, jezik ali regija, v kateri se nahajate) in vam nudi izbolj\u0161ane in bolj osebne funkcije.&nbsp;<em>Npr., stran vam lahko nudi lokalne vremenske napovedi ali prometne novice z uporabo pi\u0161kotka, da shrani informacije o regiji, v kateri se trenutno nahajate, si zapomni va\u0161e spremembe velikosti besedila, pisave in ostalih delov spletne strani, ki so prilagodljive in vam nudijo zahtevane storitve, kot so ogled videa ali komentar na blogu.<\/em>&nbsp;Informacije, ki jih zberejo ti pi\u0161kotki, so lahko anonimizirane in ti pi\u0161kotki ne morejo slediti va\u0161i aktivnosti v brskalniku na drugih spletnih straneh.<\/li><li><strong>Izvedbeni pi\u0161kotki:&nbsp;<\/strong>Ti pi\u0161kotki zbirajo informacije o tem, kako uporabljate spletno stran.&nbsp;<em>Npr., katere strani obiskujete najpogosteje, ter \u010de prejmete od njih sporo\u010dilo o napaki.<\/em>&nbsp;Ti pi\u0161kotki ne zbirajo informacij, ki vas identificirajo. Vse informacije, ki jih zberejo ti pi\u0161kotki, so zdru\u017eene in zato anonimne. Te informacije se uporabljajo le za izbolj\u0161anje delovanja spletne strani.<\/li><li><strong>Ciljni pi\u0161kotki ali ogla\u0161evalni pi\u0161kotki tretjih oseb:&nbsp;<\/strong>Ti pi\u0161kotki se uporabljajo za dostavo oglasov, ki so bolj pomembni za vas in va\u0161e interese. Uporabljajo se tudi za omejevanje \u0161tevila prikazov posameznega oglasa kot tudi za pomo\u010d pri merjenju u\u010dinkovitosti ogla\u0161evalske kampanje. Obi\u010dajno jih namestijo ogla\u0161evalske mre\u017ee z dovoljenjem upravljavca spletne strani. Zapomnijo si, da ste obiskali spletno stran in ta informacija je posredovana ostalim organizacijam, kot so ogla\u0161evalci. Ciljni ali ogla\u0161evalni pi\u0161kotki so lahko pogosto povezani s funkcionalnostjo spletne strani, ki jo omogo\u010da druga organizacija. Za ve\u010d informacij o ogla\u0161evalskih pi\u0161kotkih in zasebnosti na spletu si oglejte vodnik, ki ga je ustvarila panoga za ogla\u0161evanje na internetu in je na voljo na strani&nbsp;<a href=\"http:\/\/www.youronlinechoices.com\/\" target=\"_blank\" rel=\"noreferrer noopener\">www.youronlinechoices.com<\/a>.<\/li><\/ul>\n\n\n\n<h3 class=\"wp-block-heading\">4. Katere pi\u0161kotke uporabljamo mi?<\/h3>\n\n\n\n<p>Spletno mesto uporablja dolo\u010dene nujno potrebne pi\u0161kotke, da si zapomni va\u0161o prijavo, olaj\u0161a vnos komentarjev in podobno. Teh podatkov ne uporabljamo za noben drug namen in ne delimo z nikomer.<\/p>\n\n\n\n<h3 class=\"wp-block-heading\">5. Kako izklopiti pi\u0161kotke?<\/h3>\n\n\n\n<p><strong>5.1. Pi\u0161kotke lahko izklopite na na\u0161i spletni strani na naslednji povezavi:<\/strong>&nbsp;<a href=\"http:\/\/&lt;a role=&#039;button&#039; tabindex=&#039;0&#039; class=&quot;medium cli-plugin-button cli-plugin-main-button cli_settings_button&quot;&gt;NASTAVITVE PI\u0160KOTKOV&lt;\/a&gt;\">NASTAVITVE PI\u0160KOTKOV<\/a><\/p>\n\n\n\n<p>Obstaja ve\u010d na\u010dinov za upravljanje in nadzor nad va\u0161imi nastavitvami za pi\u0161kotke.<br><strong>Ne pozabite, da z izbrisom ali blokiranjem pi\u0161kotkov vse ali nekatere spletne strani, ki jih obiskujete (ali njihove funkcije), ne bodo delovale pravilno ali enako u\u010dinkovito.<\/strong><br>\u010ce onemogo\u010dite dolo\u010den pi\u0161kotek, ali \u010de izbri\u0161ete vse pi\u0161kotke, va\u0161e preference ne bodo shranjene in obvestilo o pi\u0161kotkih boste prejeli vsaki\u010d, ko boste obiskali na\u0161o spletno stran. Kljub temu lahko upravljate z nastavitvami va\u0161ega pi\u0161kotka v va\u0161em spletnem brskalniku kot tudi na spletnih straneh tretjih oseb, ki namestijo pi\u0161kotek na va\u0161o napravo prek na\u0161ih spletnih strani.<\/p>\n\n\n\n<p><strong>5.2. Izklju\u010ditev pi\u0161kotkov v va\u0161em spletnem brskalniku<\/strong><\/p>\n\n\n\n<p>Ve\u010dina modernih spletnih brskalnikov vam nudi splo\u0161ne informacije o pi\u0161kotkih in vam omogo\u010da, da si ogledate vse va\u0161e pi\u0161kotke, vam dovoli, da izbri\u0161ete vse ali posami\u010dne pi\u0161kotke, ter vam omogo\u010da, da blokirate ali dovolite pi\u0161kotke za vse spletne strani ali posami\u010dno izbrane spletne strani. Prav tako lahko normalno izklju\u010dite posamezne ogla\u0161evalne pi\u0161kotke tretjih oseb.&nbsp;<\/p>\n\n\n\n<p><strong>\u010ce spremenite va\u0161e nastavitve za pi\u0161kotke v va\u0161em spletnem brskalniku<\/strong>, bodo, razen \u010de izbri\u0161ete ali blokirate vsak pi\u0161kotek posebej, spremembe veljale za vse spletne strani, ki jih obiskujete, in ne le za na\u0161e spletne strani. Prav tako boste morali prilagoditi svoje pi\u0161kotke za vsak brskalnik posebej.<\/p>\n\n\n\n<p>Informacije o pi\u0161kotkih se v spletnem brskalniku obi\u010dajno nahajajo v razdelku \u2018Pomo\u010d\u2019. Spodaj so povezave do razdelka \u2018Pomo\u010d\u2019 v nekaterih najpogosteje rabljenih spletnih brskalnikih:<\/p>\n\n\n\n<ul class=\"wp-block-list\"><li>Microsoft Internet Explorer \u2013&nbsp;<a href=\"http:\/\/support.microsoft.com\/kb\/196955\" target=\"_blank\" rel=\"noreferrer noopener\">http:\/\/support.microsoft.com\/kb\/196955<\/a><\/li><li>Mozilla Firefox \u2013&nbsp;<a href=\"http:\/\/support.mozilla.org\/en-US\/kb\/cookies-information-websites-store-on-your-computer?redirectlocale=en-US&amp;redirectslug=Cookies\" target=\"_blank\" rel=\"noreferrer noopener\">http:\/\/support.mozilla.org\/en-US\/kb\/cookies-information-websites-store-on-your-computer?redirectlocale=en-US&amp;redirectslug=Cookies<\/a><\/li><li>Google Chrome \u2013&nbsp;<a href=\"http:\/\/support.google.com\/chrome\/bin\/answer.py?hl=en&amp;answer=95647\" target=\"_blank\" rel=\"noreferrer noopener\">http:\/\/support.google.com\/chrome\/bin\/answer.py?hl=en&amp;answer=95647<\/a><\/li><li>Apple Safari \u2013&nbsp;<a href=\"http:\/\/www.apple.com\/support\/safari\/\" target=\"_blank\" rel=\"noreferrer noopener\">http:\/\/www.apple.com\/support\/safari\/<\/a>&nbsp;<\/li><li>Opera \u2013&nbsp;<a href=\"http:\/\/www.opera.com\/browser\/tutorials\/security\/privacy\/\" target=\"_blank\" rel=\"noreferrer noopener\">http:\/\/www.opera.com\/browser\/tutorials\/security\/privacy\/<\/a><\/li><li>Google Android \u2013&nbsp;<a href=\"http:\/\/support.google.com\/android\/?hl=en\" target=\"_blank\" rel=\"noreferrer noopener\">http:\/\/support.google.com\/android\/?hl=en<\/a><\/li><li>Windows Phone \u2013&nbsp;<a href=\"http:\/\/www.microsoft.com\/windowsphone\/en-us\/howto\/wp7\/web\/changing-privacy-and-other-browser-settings.aspx\" target=\"_blank\" rel=\"noreferrer noopener\">http:\/\/www.microsoft.com\/windowsphone\/en-us\/howto\/wp7\/web\/changing-privacy-and-other-browser-settings.aspx<\/a><\/li><li>Blackberry \u2013<a href=\"http:\/\/docs.blackberry.com\/en\/smartphone_users\/deliverables\/32004\/Browser_settings_32784_11.jsp\" target=\"_blank\" rel=\"noreferrer noopener\">http:\/\/docs.blackberry.com\/en\/smartphone_users\/deliverables\/32004\/Browser_settings_32784_11.jsp<\/a><\/li><\/ul>\n\n\n\n<p><strong>5.3. Izklju\u010ditev pi\u0161kotkov od drugod<\/strong><\/p>\n\n\n\n<p>Pi\u0161kotke, ki so v uporabi na na\u0161i spletni strani, lahko onemogo\u010dite po navodilih z namestitvijo posebnega dodatka (Opt-out Browser Add-on). Navodila za njegovo namestitev se nahajajo na spodnji povezavi:<\/p>\n\n\n\n<ul class=\"wp-block-list\"><li>Google Analytics \u2013&nbsp;<a href=\"https:\/\/tools.google.com\/dlpage\/gaoptout\" target=\"_blank\" rel=\"noreferrer noopener\">https:\/\/tools.google.com\/dlpage\/gaoptout<\/a><\/li><\/ul>\n\n\n\n<p><strong>Upo\u0161tevajte, da \u010de onemogo\u010dite izvedbene pi\u0161kotke, ki jih na\u0161a spletna stran namesti, ne bomo mogli izvedeti, kaj je ljudem v\u0161e\u010d na na\u0161i spletni strani in kaj ne. Na ta na\u010din bomo te\u017eje izbolj\u0161ali na\u0161e spletne strani in va\u0161o uporabni\u0161ko izku\u0161njo.<\/strong><\/p>\n\n\n\n<p>\u010ce spremenite ali izbri\u0161ete brskalnikovo datoteko s pi\u0161kotki, spremenite ali nagradite va\u0161 brskalnik ali napravo, boste morda morali ponovno onemogo\u010diti pi\u0161kotke.<\/p>\n\n\n\n<h2 class=\"wp-block-heading\">Pravilnik o zasebnosti<\/h2>\n\n\n\n<p>Osebne podatke, ki jih je podal potro\u0161nik ob spletnem nakupu, hrani in upravlja podjetje LO DUCA MITJA S.P.<br>Podjetje LO DUCA MITJA S.P osebne podatke zbira in obdeluje v okviru tr\u017enih aktivnosti in prodajo prek spletne trgovin. Podatke zbiramo za naslednje namene:<br>\u2022 obve\u0161\u010danje o izdelkih, novostih, akcijah in posebnih po elektronski po\u0161ti,<br>\u2022 nudenje storitev, za katere potro\u0161nik zaprosi (po\u0161iljanje spletnih novic, samodejno obve\u0161\u010danje o ponovni razpolo\u017eljivosti izdelka ipd.);<br>\u2022 izvedba prodaje in transakcije v nakupnem procesu prek spletne trgovine;<br>\u2022 preverjanje identitete v izogib goljufijam;<br>\u2022 izvedba pogodbe v procesu nakupa v spletni trgovini;<br>\u2022 upo\u0161tevanje zakonskih zahtev.<\/p>\n\n\n\n<p>Potro\u0161nik lahko na danem obrazcu (<strong>kliknite&nbsp;<a href=\"https:\/\/kekceva-domacija.si\/wp-content\/uploads\/2022\/03\/Zahteva_za_prenehanje_uporabe_osebnih_podatkov_za_namen_neposrednega_trzenja-1.doc\">TUKAJ<\/a><\/strong>) poda zahtevo za izbris danih informacij kadarkoli po opravi spletnega nakupa in brez navajanja razlogov za zahtevo.<\/p>\n\n\n\n<p><strong>OPOMBA:<\/strong>&nbsp;<em>Pravica do izbrisa (imenovana tudi pravica do pozabe) omogo\u010da, da upravljavec izbri\u0161e va\u0161e osebne podatke, \u010de je podan kateri izmed razlogov iz prvega odstavka 17 \u010dlena Splo\u0161ne uredbe (EU) o varstvu podatkov. Te pravice pa posameznik ne more uveljavljati, kadar je obdelava osebnih podatkov potrebna iz razlogov, ki jih dolo\u010da tretji odstavek \u010dlena 17 Splo\u0161ne uredbe. Svetujemo, da si pred izpolnjevanjem obrazca ogledate vodi\u010d po pravicah posameznika na spletni strani (<\/em><a href=\"https:\/\/tiodlocas.si\/\" target=\"_blank\" rel=\"noreferrer noopener\"><em>https:\/\/tiodlocas.si<\/em><\/a><em>).<\/em><\/p>\n\n\n\n<p>Trenta, 16.3.2022<\/p>\n\n\n\n<p>LO DUCA MITJA S.P<\/p>","protected":false},"excerpt":{"rendered":"<p>Pravila o rabi spletnih pi\u0161kotkov Ve\u010dina spletnih strani, ki jih obiskujemo dandanes, na tak ali druga\u010den na\u010din uporablja pi\u0161kotke za izbolj\u0161anje uporabni\u0161ke izku\u0161nje. \u010ceprav je raba pi\u0161kotkov obi\u010dajno ne\u0161kodljiva, jo lahko nekateri ljudje vzamejo kot vsiljivo in zato \u017eelijo blokirati nekatere ali vse pi\u0161kotke ali celo izbrisati pi\u0161kotke, ki so \u017ee bili poslani. Upo\u0161tevajte, da [&hellip;]<\/p>\n","protected":false},"author":1,"featured_media":0,"parent":0,"menu_order":0,"comment_status":"closed","ping_status":"closed","template":"","meta":{"ocean_post_layout":"full-width","ocean_both_sidebars_style":"","ocean_both_sidebars_content_width":0,"ocean_both_sidebars_sidebars_width":0,"ocean_sidebar":"0","ocean_second_sidebar":"0","ocean_disable_margins":"enable","ocean_add_body_class":"","ocean_shortcode_before_top_bar":"","ocean_shortcode_after_top_bar":"","ocean_shortcode_before_header":"","ocean_shortcode_after_header":"","ocean_has_shortcode":"","ocean_shortcode_after_title":"","ocean_shortcode_before_footer_widgets":"","ocean_shortcode_after_footer_widgets":"","ocean_shortcode_before_footer_bottom":"","ocean_shortcode_after_footer_bottom":"","ocean_display_top_bar":"default","ocean_display_header":"default","ocean_header_style":"","ocean_center_header_left_menu":"0","ocean_custom_header_template":"0","ocean_custom_logo":0,"ocean_custom_retina_logo":0,"ocean_custom_logo_max_width":0,"ocean_custom_logo_tablet_max_width":0,"ocean_custom_logo_mobile_max_width":0,"ocean_custom_logo_max_height":0,"ocean_custom_logo_tablet_max_height":0,"ocean_custom_logo_mobile_max_height":0,"ocean_header_custom_menu":"0","ocean_menu_typo_font_family":"0","ocean_menu_typo_font_subset":"","ocean_menu_typo_font_size":0,"ocean_menu_typo_font_size_tablet":0,"ocean_menu_typo_font_size_mobile":0,"ocean_menu_typo_font_size_unit":"px","ocean_menu_typo_font_weight":"","ocean_menu_typo_font_weight_tablet":"","ocean_menu_typo_font_weight_mobile":"","ocean_menu_typo_transform":"","ocean_menu_typo_transform_tablet":"","ocean_menu_typo_transform_mobile":"","ocean_menu_typo_line_height":0,"ocean_menu_typo_line_height_tablet":0,"ocean_menu_typo_line_height_mobile":0,"ocean_menu_typo_line_height_unit":"","ocean_menu_typo_spacing":0,"ocean_menu_typo_spacing_tablet":0,"ocean_menu_typo_spacing_mobile":0,"ocean_menu_typo_spacing_unit":"","ocean_menu_link_color":"","ocean_menu_link_color_hover":"","ocean_menu_link_color_active":"","ocean_menu_link_background":"","ocean_menu_link_hover_background":"","ocean_menu_link_active_background":"","ocean_menu_social_links_bg":"","ocean_menu_social_hover_links_bg":"","ocean_menu_social_links_color":"","ocean_menu_social_hover_links_color":"","ocean_disable_title":"default","ocean_disable_heading":"default","ocean_post_title":"","ocean_post_subheading":"","ocean_post_title_style":"","ocean_post_title_background_color":"","ocean_post_title_background":0,"ocean_post_title_bg_image_position":"","ocean_post_title_bg_image_attachment":"","ocean_post_title_bg_image_repeat":"","ocean_post_title_bg_image_size":"","ocean_post_title_height":0,"ocean_post_title_bg_overlay":0.5,"ocean_post_title_bg_overlay_color":"","ocean_disable_breadcrumbs":"default","ocean_breadcrumbs_color":"","ocean_breadcrumbs_separator_color":"","ocean_breadcrumbs_links_color":"","ocean_breadcrumbs_links_hover_color":"","ocean_display_footer_widgets":"default","ocean_display_footer_bottom":"default","ocean_custom_footer_template":"0","footnotes":""},"class_list":["post-2656","page","type-page","status-publish","hentry","entry"],"aioseo_notices":[],"_links":{"self":[{"href":"https:\/\/kekceva-domacija.si\/en\/wp-json\/wp\/v2\/pages\/2656","targetHints":{"allow":["GET"]}}],"collection":[{"href":"https:\/\/kekceva-domacija.si\/en\/wp-json\/wp\/v2\/pages"}],"about":[{"href":"https:\/\/kekceva-domacija.si\/en\/wp-json\/wp\/v2\/types\/page"}],"author":[{"embeddable":true,"href":"https:\/\/kekceva-domacija.si\/en\/wp-json\/wp\/v2\/users\/1"}],"replies":[{"embeddable":true,"href":"https:\/\/kekceva-domacija.si\/en\/wp-json\/wp\/v2\/comments?post=2656"}],"version-history":[{"count":4,"href":"https:\/\/kekceva-domacija.si\/en\/wp-json\/wp\/v2\/pages\/2656\/revisions"}],"predecessor-version":[{"id":2662,"href":"https:\/\/kekceva-domacija.si\/en\/wp-json\/wp\/v2\/pages\/2656\/revisions\/2662"}],"wp:attachment":[{"href":"https:\/\/kekceva-domacija.si\/en\/wp-json\/wp\/v2\/media?parent=2656"}],"curies":[{"name":"wp","href":"https:\/\/api.w.org\/{rel}","templated":true}]}}