{"id":2152,"date":"2018-03-17T07:22:59","date_gmt":"2018-03-17T07:22:59","guid":{"rendered":"https:\/\/kekceva-domacija.si\/?page_id=2152"},"modified":"2018-11-16T17:15:25","modified_gmt":"2018-11-16T17:15:25","slug":"program-za-razvoj-podezelja","status":"publish","type":"page","link":"https:\/\/kekceva-domacija.si\/en\/program-za-razvoj-podezelja\/","title":{"rendered":"Program za razvoj pode\u017eelja"},"content":{"rendered":"<p>[bgsection pex_attr_title=&#8221;PROGRAM&#8221; pex_attr_subtitle=&#8221;RAZVOJA PODE\u017dELJA&#8221; pex_attr_undefined=&#8221;undefined&#8221; pex_attr_style=&#8221;section-light2&#8243; pex_attr_bgcolor=&#8221;f7f7f7&#8243; pex_attr_image=&#8221;&#8221; pex_attr_imageopacity=&#8221;0.1&#8243; pex_attr_bgimagestyle=&#8221;static&#8221; pex_attr_titlecolor=&#8221;252525&#8243; pex_attr_textcolor=&#8221;777777&#8243; pex_attr_height=&#8221;&#8221; pex_attr_cssclass=&#8221;&#8221;]<\/p>\n<h3><img decoding=\"async\" class=\"img-frame aligncenter\" src=\"https:\/\/kekceva-domacija.si\/wp-content\/uploads\/2018\/11\/eu-image.png\" \/><\/h3>\n<h3 style=\"text-align: left;\"><strong>POD-UKREP &#8211; 4.2 Podpora za nalo\u017ebe v predelavo, tr\u017eenje oziroma razvoj kmetijskih proizvodov za leto 2016 za kmetije, samostojne podjetnike, posameznike ter mikro, mala in srednja podjetja.<\/strong><\/h3>\n<p><span style=\"color: #000000;\"><strong>Naziv aktivnosti<\/strong>:<\/span> Podpora za nalo\u017ebe v predelavo, tr\u017eenje oziroma razvoj kmetijskih proizvodov za leto 2016 za kmetije, samostojne podjetnike, posameznike ter mikro, mala in srednja podjetja (ukrep 4.2)<\/p>\n<p><span style=\"color: #000000;\"><strong>Temeljni cilji investicije so<\/strong>:<\/span><br \/>\n&#8211; zagotovitev dinami\u010dne rasti in dviga konkuren\u010dnosti:<br \/>\n&#8211; investicija bo vplivala na bolj\u0161o kakovost vin, s \u010dimer se bo pove\u010dala prodaja (pridobitev novih kupcev) in pove\u010dal tr\u017eni dele\u017e;<br \/>\n&#8211; <strong>uvedba proizvodov z ve\u010djo dodano vrednostjo (penina, vinjak, grozdni sok)<\/strong>;<br \/>\n&#8211; pove\u010danje direktne rpodaje na doma\u010demn in yujem trgu;<br \/>\n&#8211; mo\u017enost pridobitve novih kupcev;<br \/>\n&#8211; pove\u010danje proizvodnih kapacitet (spravilo vi\u0161ka pridelka);<br \/>\n&#8211; pove\u010danje prihodka;<br \/>\n&#8211; zmanj\u0161anje stro\u0161kov (prihranek pri energiji, ve\u010dja produktivnost);<br \/>\n&#8211; pove\u010danje bruto dodane vrednosti;<br \/>\n&#8211; izbolj\u0161anje tehnolo\u0161ke opremljenosti postopka;<br \/>\n&#8211; ekolo\u0161ki vidik. Predvidena investicija bistveno izbolj\u0161uje vpliv na okolje;<br \/>\n&#8211; izbolj\u0161ani delovni pogoji poslovanja, ve\u010dja varnost.<\/p>\n<p>Investicija obsega opremo degustacijskega prostora v vinjski kleti in nakup vinskih cistern v novo zgrajeni vinski kleti.<\/p>\n<hr \/>\n<h3 class=\"TzArticleTitle\"><strong>UKREP 10 &#8211;\u00a0 Kmetijsko-okoljska-podnebna pla\u010dila<\/strong><\/h3>\n<div class=\"TzArticleDescription\">\n<p><span style=\"color: #000000;\"><strong>Naziv aktivnosti<\/strong>:<\/span> Kmetijsko-okoljska-podnebna pla\u010dila (ukrep 10)<\/p>\n<\/div>\n<div class=\"TzArticleDescription\">\n<p><span style=\"color: #000000;\"><strong>Cilji<\/strong>:<\/span> Zmanj\u0161ati vplive kmetovanja na okolje<\/p>\n<p><span style=\"color: #000000;\"><strong>Pri\u010dakovani rezultati<\/strong>:<\/span> Ohranjanje biotske raznovrstnosti in krajine, ustrezno gospodarjenje z vodami in upravljanje s tlemi ter bla\u017eenje in prilagajanje kmetovanja podnebnim spremembam.<\/p>\n<\/div>\n<div class=\"TzArticleDescription\"><span style=\"color: #000000;\"><strong>Glavne aktivnosti<\/strong>:<\/span> OPERACIJA VINOGRADNI\u0160TVO<br \/>\nOperacija \u00bbVinogradni\u0161tvo\u00ab pomeni spremembo obstoje\u010dih kmetijskih praks. Namenjena je ohranjanju in izbolj\u0161anju lastnosti in rodovitnosti tal z nadzorovano uporabo gnojil in fitofarmacevtskih sredstev, prispeva pa tudi k zmanj\u0161evanju erozije in izpiranja hranil.<\/div>\n<div><\/div>\n<hr \/>\n<h3 class=\"TzArticleTitle\"><strong>UKREP 11 &#8211; Ekolo\u0161ko kmetovanje<\/strong><\/h3>\n<div>\n<p><span style=\"color: #000000;\"><strong>Naziv aktivnosti<\/strong>:<\/span> Ekolo\u0161ko kmetovanje (ukrep 11)<\/p>\n<\/div>\n<div class=\"TzArticleDescription\">\n<p><span style=\"color: #000000;\"><strong>Cilji<\/strong>:<\/span> Spodbuditi kmetijska gospodarstva za izvajanje ekolo\u0161kega na\u010dina kmetovanja<\/p>\n<\/div>\n<div class=\"TzArticleDescription\">\n<p><span style=\"color: #000000;\"><strong>Pri\u010dakovani rezultati<\/strong>:<\/span> Prispevek k zagotavljanju javnih dobrin, predvsem k ohranjanju oziroma izbolj\u0161evanju biotske raznovrstnosti, ohranjanju virov pitne vode, rodovitnosti tal, kulturne kmetijske krajine, varovanju okolja nasploh.<\/p>\n<\/div>\n<div class=\"TzArticleDescription\"><span style=\"color: #000000;\"><strong>Glavne aktivnosti<\/strong>:<\/span> Zahteve pri izvajanju podukrepa 11.1:<br \/>\n&#8211; ves \u010das trajanja obveznosti mora izvajati podukrep v skladu s predpisanimi pogoji in zahtevami,<br \/>\n&#8211; opraviti mora program usposabljanja v obsegu najmanj 6 ur letno,<br \/>\n&#8211; uporabiti mora najmanj enkrat storitev svetovanja v \u010dasu trajanja obveznosti,<br \/>\n&#8211; vsako leto mora pridobiti certifikat za ekolo\u0161ko pridelavo oziroma predelavo, ki ga izda organizacija za kontrolo in certificiranje v skladu z Uredbo 834\/2007\/ES,<br \/>\n&#8211; \u010de prvi\u010d vstopa v kontrolo ekolo\u0161kega kmetovanja mora imeti v prvem letu trajanja obveznosti izdelan individualni na\u010drt preusmeritve in<br \/>\n&#8211; \u010de uveljavlja pla\u010dilo za trajno travinje mora rediti travojede \u017eivali v skladu s predpisi za ekolo\u0161ko kmetovanje.<\/div>\n<div><\/div>\n<div>\n<hr \/>\n<\/div>\n<p><img decoding=\"async\" class=\"img-frame aligncenter\" src=\"https:\/\/kekceva-domacija.si\/wp-content\/uploads\/2018\/11\/eu.png\" width=\"150\" \/><\/p>\n<p style=\"text-align: center;\"><span lang=\"SL\">Povezavo na spletno stran <strong>Evropske komisije<\/strong>, namenjene <strong>EKSRP<\/strong><\/span><\/p>\n<p style=\"text-align: center;\"><a href=\"https:\/\/ec.europa.eu\/agriculture\/rural-development-2014-2020_sl\">https:\/\/ec.europa.eu\/agriculture\/rural-development-2014-2020_sl<\/a><\/p>\n<p>&nbsp;<\/p>\n<hr \/>\n<p style=\"text-align: center;\"><img decoding=\"async\" class=\"img-frame aligncenter\" src=\"https:\/\/kekceva-domacija.si\/wp-content\/uploads\/2018\/11\/prd.png\" width=\"150\" \/><\/p>\n<p style=\"text-align: center;\">Spletna stran\u00a0<strong><span lang=\"SL\">PRP<\/span><\/strong><\/p>\n<p style=\"text-align: center;\"><a href=\"https:\/\/www.program-podezelja.si\/sl\/\">https:\/\/www.program-podezelja.si\/sl\/<\/a><\/p>\n<p>[\/bgsection]<\/p>\n<p>&nbsp;<\/p>\n<p>&nbsp;<\/p>\n","protected":false},"excerpt":{"rendered":"<p>[bgsection pex_attr_title=&#8221;PROGRAM&#8221; pex_attr_subtitle=&#8221;RAZVOJA PODE\u017dELJA&#8221; pex_attr_undefined=&#8221;undefined&#8221; pex_attr_style=&#8221;section-light2&#8243; pex_attr_bgcolor=&#8221;f7f7f7&#8243; pex_attr_image=&#8221;&#8221; pex_attr_imageopacity=&#8221;0.1&#8243; pex_attr_bgimagestyle=&#8221;static&#8221; pex_attr_titlecolor=&#8221;252525&#8243; pex_attr_textcolor=&#8221;777777&#8243; pex_attr_height=&#8221;&#8221; pex_attr_cssclass=&#8221;&#8221;] POD-UKREP &#8211; 4.2 Podpora za nalo\u017ebe v predelavo, tr\u017eenje oziroma razvoj kmetijskih proizvodov za leto 2016 za kmetije, samostojne podjetnike, posameznike ter mikro, mala in srednja podjetja. Naziv aktivnosti: Podpora za nalo\u017ebe v predelavo, tr\u017eenje oziroma razvoj kmetijskih proizvodov za leto [&hellip;]<\/p>\n","protected":false},"author":1,"featured_media":0,"parent":0,"menu_order":0,"comment_status":"open","ping_status":"closed","template":"template-full-custom.php","meta":{"ocean_post_layout":"","ocean_both_sidebars_style":"","ocean_both_sidebars_content_width":0,"ocean_both_sidebars_sidebars_width":0,"ocean_sidebar":"","ocean_second_sidebar":"","ocean_disable_margins":"enable","ocean_add_body_class":"","ocean_shortcode_before_top_bar":"","ocean_shortcode_after_top_bar":"","ocean_shortcode_before_header":"","ocean_shortcode_after_header":"","ocean_has_shortcode":"","ocean_shortcode_after_title":"","ocean_shortcode_before_footer_widgets":"","ocean_shortcode_after_footer_widgets":"","ocean_shortcode_before_footer_bottom":"","ocean_shortcode_after_footer_bottom":"","ocean_display_top_bar":"default","ocean_display_header":"default","ocean_header_style":"","ocean_center_header_left_menu":"","ocean_custom_header_template":"","ocean_custom_logo":0,"ocean_custom_retina_logo":0,"ocean_custom_logo_max_width":0,"ocean_custom_logo_tablet_max_width":0,"ocean_custom_logo_mobile_max_width":0,"ocean_custom_logo_max_height":0,"ocean_custom_logo_tablet_max_height":0,"ocean_custom_logo_mobile_max_height":0,"ocean_header_custom_menu":"","ocean_menu_typo_font_family":"","ocean_menu_typo_font_subset":"","ocean_menu_typo_font_size":0,"ocean_menu_typo_font_size_tablet":0,"ocean_menu_typo_font_size_mobile":0,"ocean_menu_typo_font_size_unit":"px","ocean_menu_typo_font_weight":"","ocean_menu_typo_font_weight_tablet":"","ocean_menu_typo_font_weight_mobile":"","ocean_menu_typo_transform":"","ocean_menu_typo_transform_tablet":"","ocean_menu_typo_transform_mobile":"","ocean_menu_typo_line_height":0,"ocean_menu_typo_line_height_tablet":0,"ocean_menu_typo_line_height_mobile":0,"ocean_menu_typo_line_height_unit":"","ocean_menu_typo_spacing":0,"ocean_menu_typo_spacing_tablet":0,"ocean_menu_typo_spacing_mobile":0,"ocean_menu_typo_spacing_unit":"","ocean_menu_link_color":"","ocean_menu_link_color_hover":"","ocean_menu_link_color_active":"","ocean_menu_link_background":"","ocean_menu_link_hover_background":"","ocean_menu_link_active_background":"","ocean_menu_social_links_bg":"","ocean_menu_social_hover_links_bg":"","ocean_menu_social_links_color":"","ocean_menu_social_hover_links_color":"","ocean_disable_title":"default","ocean_disable_heading":"default","ocean_post_title":"","ocean_post_subheading":"","ocean_post_title_style":"","ocean_post_title_background_color":"","ocean_post_title_background":0,"ocean_post_title_bg_image_position":"","ocean_post_title_bg_image_attachment":"","ocean_post_title_bg_image_repeat":"","ocean_post_title_bg_image_size":"","ocean_post_title_height":0,"ocean_post_title_bg_overlay":0.5,"ocean_post_title_bg_overlay_color":"","ocean_disable_breadcrumbs":"default","ocean_breadcrumbs_color":"","ocean_breadcrumbs_separator_color":"","ocean_breadcrumbs_links_color":"","ocean_breadcrumbs_links_hover_color":"","ocean_display_footer_widgets":"default","ocean_display_footer_bottom":"default","ocean_custom_footer_template":"","footnotes":""},"class_list":["post-2152","page","type-page","status-publish","hentry","entry"],"aioseo_notices":[],"_links":{"self":[{"href":"https:\/\/kekceva-domacija.si\/en\/wp-json\/wp\/v2\/pages\/2152","targetHints":{"allow":["GET"]}}],"collection":[{"href":"https:\/\/kekceva-domacija.si\/en\/wp-json\/wp\/v2\/pages"}],"about":[{"href":"https:\/\/kekceva-domacija.si\/en\/wp-json\/wp\/v2\/types\/page"}],"author":[{"embeddable":true,"href":"https:\/\/kekceva-domacija.si\/en\/wp-json\/wp\/v2\/users\/1"}],"replies":[{"embeddable":true,"href":"https:\/\/kekceva-domacija.si\/en\/wp-json\/wp\/v2\/comments?post=2152"}],"version-history":[{"count":28,"href":"https:\/\/kekceva-domacija.si\/en\/wp-json\/wp\/v2\/pages\/2152\/revisions"}],"predecessor-version":[{"id":2332,"href":"https:\/\/kekceva-domacija.si\/en\/wp-json\/wp\/v2\/pages\/2152\/revisions\/2332"}],"wp:attachment":[{"href":"https:\/\/kekceva-domacija.si\/en\/wp-json\/wp\/v2\/media?parent=2152"}],"curies":[{"name":"wp","href":"https:\/\/api.w.org\/{rel}","templated":true}]}}